{"id":16,"date":"2025-02-05T10:32:22","date_gmt":"2025-02-05T09:32:22","guid":{"rendered":"https:\/\/it-ion.de\/?page_id=16"},"modified":"2025-04-04T09:45:25","modified_gmt":"2025-04-04T07:45:25","slug":"impressum","status":"publish","type":"page","link":"https:\/\/it-ion.de\/index.php\/impressum\/","title":{"rendered":"Impressum"},"content":{"rendered":"\n<p>IT-ION GmbH<br>Virngrundstrasse 27<br>73479 Ellwangen (Jagst)<br><\/p>\n\n\n\n<p>Vertreten durch: Daniel Klozb\u00fccher (Gesch\u00e4ftsf\u00fchrer)<br>E-Mail: kontakt@it-ion.de<\/p>\n\n\n\n<p>Sitz der Gesellschaft: Ellwangen (Jagst)<br>Eingetragen im Handelsregister des Amtsgerichts Ulm<br>HRB 749335<\/p>\n\n\n\n<h2 class=\"wp-block-heading\">Kontakt<\/h2>\n\n\n\n<p><br>E-Mail: kontakt@it-ion.de<br>Tel: +49 (0) 7961 8759623<\/p>\n\n\n\n<h2 class=\"wp-block-heading\">Umsatzsteuer-ID<\/h2>\n\n\n\n<p>Umsatzsteuer-Identifikationsnummer gem\u00e4\u00df \u00a7 27 a Umsatzsteuergesetz:<br>DE323856971<\/p>\n\n\n\n<h2 class=\"wp-block-heading\">Redaktionell verantwortlich<\/h2>\n\n\n\n<p>Daniel Klozb\u00fccher<\/p>\n\n\n\n<h2 class=\"wp-block-heading\">Verbraucher\u00adstreit\u00adbeilegung\/Universal\u00adschlichtungs\u00adstelle<\/h2>\n\n\n\n<p>Wir sind nicht bereit oder verpflichtet, an Streitbeilegungsverfahren vor einer Verbraucherschlichtungsstelle teilzunehmen.<\/p>\n\n\n\n<p><\/p>\n","protected":false},"excerpt":{"rendered":"<p>IT-ION GmbHVirngrundstrasse 2773479 Ellwangen (Jagst) Vertreten durch: Daniel Klozb\u00fccher (Gesch\u00e4ftsf\u00fchrer)E-Mail: kontakt@it-ion.de Sitz der Gesellschaft: Ellwangen (Jagst)Eingetragen im Handelsregister des Amtsgerichts UlmHRB 749335 Kontakt E-Mail: kontakt@it-ion.deTel: +49 (0) 7961 8759623 Umsatzsteuer-ID Umsatzsteuer-Identifikationsnummer gem\u00e4\u00df \u00a7 27 a Umsatzsteuergesetz:DE323856971 Redaktionell verantwortlich Daniel Klozb\u00fccher Verbraucher\u00adstreit\u00adbeilegung\/Universal\u00adschlichtungs\u00adstelle Wir sind nicht bereit oder verpflichtet, an Streitbeilegungsverfahren vor einer Verbraucherschlichtungsstelle teilzunehmen.<\/p>\n","protected":false},"author":2,"featured_media":0,"parent":0,"menu_order":0,"comment_status":"closed","ping_status":"closed","template":"","meta":{"_kad_blocks_custom_css":"","_kad_blocks_head_custom_js":"","_kad_blocks_body_custom_js":"","_kad_blocks_footer_custom_js":"","_kad_post_transparent":"","_kad_post_title":"","_kad_post_layout":"","_kad_post_sidebar_id":"","_kad_post_content_style":"","_kad_post_vertical_padding":"","_kad_post_feature":"","_kad_post_feature_position":"","_kad_post_header":false,"_kad_post_footer":false,"_kad_post_classname":"","footnotes":""},"class_list":["post-16","page","type-page","status-publish","hentry"],"taxonomy_info":[],"featured_image_src_large":false,"author_info":{"display_name":"Josef Puff","author_link":"https:\/\/it-ion.de\/index.php\/author\/josef\/"},"comment_info":0,"_links":{"self":[{"href":"https:\/\/it-ion.de\/index.php\/wp-json\/wp\/v2\/pages\/16","targetHints":{"allow":["GET"]}}],"collection":[{"href":"https:\/\/it-ion.de\/index.php\/wp-json\/wp\/v2\/pages"}],"about":[{"href":"https:\/\/it-ion.de\/index.php\/wp-json\/wp\/v2\/types\/page"}],"author":[{"embeddable":true,"href":"https:\/\/it-ion.de\/index.php\/wp-json\/wp\/v2\/users\/2"}],"replies":[{"embeddable":true,"href":"https:\/\/it-ion.de\/index.php\/wp-json\/wp\/v2\/comments?post=16"}],"version-history":[{"count":8,"href":"https:\/\/it-ion.de\/index.php\/wp-json\/wp\/v2\/pages\/16\/revisions"}],"predecessor-version":[{"id":1960,"href":"https:\/\/it-ion.de\/index.php\/wp-json\/wp\/v2\/pages\/16\/revisions\/1960"}],"wp:attachment":[{"href":"https:\/\/it-ion.de\/index.php\/wp-json\/wp\/v2\/media?parent=16"}],"curies":[{"name":"wp","href":"https:\/\/api.w.org\/{rel}","templated":true}]}}